{"id":369,"date":"2021-08-20T11:50:18","date_gmt":"2021-08-20T11:50:18","guid":{"rendered":"https:\/\/nfeleather.com\/index.php\/producto\/soothing-sunscreen-gel\/"},"modified":"2025-10-13T17:21:22","modified_gmt":"2025-10-13T17:21:22","slug":"soothing-sunscreen-gel","status":"publish","type":"product","link":"https:\/\/nfeleather.com\/index.php\/producto\/soothing-sunscreen-gel\/","title":{"rendered":"JK 124"},"content":{"rendered":"","protected":false},"excerpt":{"rendered":"<p>Chaqueta para caballero. Construida. En fina piel de becerro.. Terminada en Napa. Cuenta con cuatro bolsas al frente. Y una interior Adem\u00e1s de. C\u00e1rdigan. En el \u00e1rea del cuello. De los pu\u00f1os y la pretina. Es un dise\u00f1o. Muy actual. E innovador. Cuenta con forro de acetato. Estampado en l\u00edneas diagonales. As\u00ed como una bolsa interior. Excepcional. Como para ir al cine o de antro<\/p>\n","protected":false},"featured_media":1805,"template":"","meta":{"om_disable_all_campaigns":false,"_uag_custom_page_level_css":"","_monsterinsights_skip_tracking":false,"_monsterinsights_sitenote_active":false,"_monsterinsights_sitenote_note":"","_monsterinsights_sitenote_category":0,"site-sidebar-layout":"default","site-content-layout":"content-boxed-container","ast-site-content-layout":"normal-width-container","site-content-style":"boxed","site-sidebar-style":"unboxed","ast-global-header-display":"","ast-banner-title-visibility":"","ast-main-header-display":"","ast-hfb-above-header-display":"","ast-hfb-below-header-display":"","ast-hfb-mobile-header-display":"","site-post-title":"","ast-breadcrumbs-content":"","ast-featured-img":"","footer-sml-layout":"","theme-transparent-header-meta":"default","adv-header-id-meta":"","stick-header-meta":"","header-above-stick-meta":"","header-main-stick-meta":"","header-below-stick-meta":"","astra-migrate-meta-layouts":"set","ast-page-background-enabled":"default","ast-page-background-meta":{"desktop":{"background-color":"var(--ast-global-color-4)","background-image":"","background-repeat":"repeat","background-position":"center center","background-size":"auto","background-attachment":"scroll","background-type":"","background-media":"","overlay-type":"","overlay-color":"","overlay-gradient":""},"tablet":{"background-color":"","background-image":"","background-repeat":"repeat","background-position":"center center","background-size":"auto","background-attachment":"scroll","background-type":"","background-media":"","overlay-type":"","overlay-color":"","overlay-gradient":""},"mobile":{"background-color":"","background-image":"","background-repeat":"repeat","background-position":"center center","background-size":"auto","background-attachment":"scroll","background-type":"","background-media":"","overlay-type":"","overlay-color":"","overlay-gradient":""}},"ast-content-background-meta":{"desktop":{"background-color":"var(--ast-global-color-5)","background-image":"","background-repeat":"repeat","background-position":"center center","background-size":"auto","background-attachment":"scroll","background-type":"","background-media":"","overlay-type":"","overlay-color":"","overlay-gradient":""},"tablet":{"background-color":"var(--ast-global-color-5)","background-image":"","background-repeat":"repeat","background-position":"center center","background-size":"auto","background-attachment":"scroll","background-type":"","background-media":"","overlay-type":"","overlay-color":"","overlay-gradient":""},"mobile":{"background-color":"var(--ast-global-color-5)","background-image":"","background-repeat":"repeat","background-position":"center center","background-size":"auto","background-attachment":"scroll","background-type":"","background-media":"","overlay-type":"","overlay-color":"","overlay-gradient":""}}},"product_cat":[28],"product_tag":[],"class_list":["post-369","product","type-product","status-publish","has-post-thumbnail","hentry","product_cat-chamarras","desktop-align-left","tablet-align-left","mobile-align-left"],"aioseo_notices":[],"uagb_featured_image_src":{"full":["https:\/\/nfeleather.com\/wp-content\/uploads\/2021\/08\/NFE-Leather-3.jpg",1500,1500,false],"thumbnail":["https:\/\/nfeleather.com\/wp-content\/uploads\/2021\/08\/NFE-Leather-3-150x150.jpg",150,150,true],"medium":["https:\/\/nfeleather.com\/wp-content\/uploads\/2021\/08\/NFE-Leather-3-300x300.jpg",300,300,true],"medium_large":["https:\/\/nfeleather.com\/wp-content\/uploads\/2021\/08\/NFE-Leather-3-768x768.jpg",768,768,true],"large":["https:\/\/nfeleather.com\/wp-content\/uploads\/2021\/08\/NFE-Leather-3-1024x1024.jpg",1024,1024,true],"1536x1536":["https:\/\/nfeleather.com\/wp-content\/uploads\/2021\/08\/NFE-Leather-3.jpg",1500,1500,false],"2048x2048":["https:\/\/nfeleather.com\/wp-content\/uploads\/2021\/08\/NFE-Leather-3.jpg",1500,1500,false],"woocommerce_thumbnail":["https:\/\/nfeleather.com\/wp-content\/uploads\/2021\/08\/NFE-Leather-3-300x300.jpg",300,300,true],"woocommerce_single":["https:\/\/nfeleather.com\/wp-content\/uploads\/2021\/08\/NFE-Leather-3-600x600.jpg",600,600,true],"woocommerce_gallery_thumbnail":["https:\/\/nfeleather.com\/wp-content\/uploads\/2021\/08\/NFE-Leather-3-100x100.jpg",100,100,true]},"uagb_author_info":{"display_name":"nfeleather.com","author_link":"https:\/\/nfeleather.com\/index.php\/author\/"},"uagb_comment_info":0,"uagb_excerpt":"Chaqueta para caballero. Construida. En fina piel de becerro.. Terminada en Napa. Cuenta con cuatro bolsas al frente. Y una interior Adem\u00e1s de. C\u00e1rdigan. En el \u00e1rea del cuello. De los pu\u00f1os y la pretina. Es un dise\u00f1o. Muy actual. E innovador. Cuenta con forro de acetato. Estampado en l\u00edneas diagonales. As\u00ed como una bolsa&hellip;","_links":{"self":[{"href":"https:\/\/nfeleather.com\/index.php\/wp-json\/wp\/v2\/product\/369","targetHints":{"allow":["GET"]}}],"collection":[{"href":"https:\/\/nfeleather.com\/index.php\/wp-json\/wp\/v2\/product"}],"about":[{"href":"https:\/\/nfeleather.com\/index.php\/wp-json\/wp\/v2\/types\/product"}],"wp:featuredmedia":[{"embeddable":true,"href":"https:\/\/nfeleather.com\/index.php\/wp-json\/wp\/v2\/media\/1805"}],"wp:attachment":[{"href":"https:\/\/nfeleather.com\/index.php\/wp-json\/wp\/v2\/media?parent=369"}],"wp:term":[{"taxonomy":"product_cat","embeddable":true,"href":"https:\/\/nfeleather.com\/index.php\/wp-json\/wp\/v2\/product_cat?post=369"},{"taxonomy":"product_tag","embeddable":true,"href":"https:\/\/nfeleather.com\/index.php\/wp-json\/wp\/v2\/product_tag?post=369"}],"curies":[{"name":"wp","href":"https:\/\/api.w.org\/{rel}","templated":true}]}}