{"id":361,"date":"2021-08-20T11:42:55","date_gmt":"2021-08-20T11:42:55","guid":{"rendered":"https:\/\/nfeleather.com\/index.php\/producto\/complex-sunscreen-balm\/"},"modified":"2025-10-13T17:23:08","modified_gmt":"2025-10-13T17:23:08","slug":"complex-sunscreen-balm","status":"publish","type":"product","link":"https:\/\/nfeleather.com\/index.php\/producto\/complex-sunscreen-balm\/","title":{"rendered":"JK 129"},"content":{"rendered":"","protected":false},"excerpt":{"rendered":"<p>Chaqueta de dama. Tipo Levis Construida. En fin, la piel de becerro. Acabado napa. La cual cuenta con cuatro bolsas al frente. Botones met\u00e1licos. Costuras en contraste con la el color de la piel. As\u00ed como. Forro de acetato estampado en l\u00edneas diagonales. Y bolsa interior. Una prenda muy casual. Para cualquier ocasi\u00f3n.<\/p>\n","protected":false},"featured_media":1885,"template":"","meta":{"om_disable_all_campaigns":false,"_uag_custom_page_level_css":"","_monsterinsights_skip_tracking":false,"_monsterinsights_sitenote_active":false,"_monsterinsights_sitenote_note":"","_monsterinsights_sitenote_category":0,"site-sidebar-layout":"default","site-content-layout":"content-boxed-container","ast-site-content-layout":"normal-width-container","site-content-style":"boxed","site-sidebar-style":"unboxed","ast-global-header-display":"","ast-banner-title-visibility":"","ast-main-header-display":"","ast-hfb-above-header-display":"","ast-hfb-below-header-display":"","ast-hfb-mobile-header-display":"","site-post-title":"","ast-breadcrumbs-content":"","ast-featured-img":"","footer-sml-layout":"","theme-transparent-header-meta":"default","adv-header-id-meta":"","stick-header-meta":"","header-above-stick-meta":"","header-main-stick-meta":"","header-below-stick-meta":"","astra-migrate-meta-layouts":"set","ast-page-background-enabled":"default","ast-page-background-meta":{"desktop":{"background-color":"var(--ast-global-color-4)","background-image":"","background-repeat":"repeat","background-position":"center center","background-size":"auto","background-attachment":"scroll","background-type":"","background-media":"","overlay-type":"","overlay-color":"","overlay-gradient":""},"tablet":{"background-color":"","background-image":"","background-repeat":"repeat","background-position":"center center","background-size":"auto","background-attachment":"scroll","background-type":"","background-media":"","overlay-type":"","overlay-color":"","overlay-gradient":""},"mobile":{"background-color":"","background-image":"","background-repeat":"repeat","background-position":"center center","background-size":"auto","background-attachment":"scroll","background-type":"","background-media":"","overlay-type":"","overlay-color":"","overlay-gradient":""}},"ast-content-background-meta":{"desktop":{"background-color":"var(--ast-global-color-5)","background-image":"","background-repeat":"repeat","background-position":"center center","background-size":"auto","background-attachment":"scroll","background-type":"","background-media":"","overlay-type":"","overlay-color":"","overlay-gradient":""},"tablet":{"background-color":"var(--ast-global-color-5)","background-image":"","background-repeat":"repeat","background-position":"center center","background-size":"auto","background-attachment":"scroll","background-type":"","background-media":"","overlay-type":"","overlay-color":"","overlay-gradient":""},"mobile":{"background-color":"var(--ast-global-color-5)","background-image":"","background-repeat":"repeat","background-position":"center center","background-size":"auto","background-attachment":"scroll","background-type":"","background-media":"","overlay-type":"","overlay-color":"","overlay-gradient":""}}},"product_cat":[18],"product_tag":[],"class_list":["post-361","product","type-product","status-publish","has-post-thumbnail","hentry","product_cat-sin-categorizar","desktop-align-left","tablet-align-left","mobile-align-left"],"aioseo_notices":[],"uagb_featured_image_src":{"full":["https:\/\/nfeleather.com\/wp-content\/uploads\/2021\/08\/Chamarras-piel-82.jpg",1500,1500,false],"thumbnail":["https:\/\/nfeleather.com\/wp-content\/uploads\/2021\/08\/Chamarras-piel-82-150x150.jpg",150,150,true],"medium":["https:\/\/nfeleather.com\/wp-content\/uploads\/2021\/08\/Chamarras-piel-82-300x300.jpg",300,300,true],"medium_large":["https:\/\/nfeleather.com\/wp-content\/uploads\/2021\/08\/Chamarras-piel-82-768x768.jpg",768,768,true],"large":["https:\/\/nfeleather.com\/wp-content\/uploads\/2021\/08\/Chamarras-piel-82-1024x1024.jpg",1024,1024,true],"1536x1536":["https:\/\/nfeleather.com\/wp-content\/uploads\/2021\/08\/Chamarras-piel-82.jpg",1500,1500,false],"2048x2048":["https:\/\/nfeleather.com\/wp-content\/uploads\/2021\/08\/Chamarras-piel-82.jpg",1500,1500,false],"woocommerce_thumbnail":["https:\/\/nfeleather.com\/wp-content\/uploads\/2021\/08\/Chamarras-piel-82-300x300.jpg",300,300,true],"woocommerce_single":["https:\/\/nfeleather.com\/wp-content\/uploads\/2021\/08\/Chamarras-piel-82-600x600.jpg",600,600,true],"woocommerce_gallery_thumbnail":["https:\/\/nfeleather.com\/wp-content\/uploads\/2021\/08\/Chamarras-piel-82-100x100.jpg",100,100,true]},"uagb_author_info":{"display_name":"nfeleather.com","author_link":"https:\/\/nfeleather.com\/index.php\/author\/"},"uagb_comment_info":0,"uagb_excerpt":"Chaqueta de dama. Tipo Levis Construida. En fin, la piel de becerro. Acabado napa. La cual cuenta con cuatro bolsas al frente. Botones met\u00e1licos. Costuras en contraste con la el color de la piel. As\u00ed como. Forro de acetato estampado en l\u00edneas diagonales. Y bolsa interior. Una prenda muy casual. Para cualquier ocasi\u00f3n.","_links":{"self":[{"href":"https:\/\/nfeleather.com\/index.php\/wp-json\/wp\/v2\/product\/361","targetHints":{"allow":["GET"]}}],"collection":[{"href":"https:\/\/nfeleather.com\/index.php\/wp-json\/wp\/v2\/product"}],"about":[{"href":"https:\/\/nfeleather.com\/index.php\/wp-json\/wp\/v2\/types\/product"}],"wp:featuredmedia":[{"embeddable":true,"href":"https:\/\/nfeleather.com\/index.php\/wp-json\/wp\/v2\/media\/1885"}],"wp:attachment":[{"href":"https:\/\/nfeleather.com\/index.php\/wp-json\/wp\/v2\/media?parent=361"}],"wp:term":[{"taxonomy":"product_cat","embeddable":true,"href":"https:\/\/nfeleather.com\/index.php\/wp-json\/wp\/v2\/product_cat?post=361"},{"taxonomy":"product_tag","embeddable":true,"href":"https:\/\/nfeleather.com\/index.php\/wp-json\/wp\/v2\/product_tag?post=361"}],"curies":[{"name":"wp","href":"https:\/\/api.w.org\/{rel}","templated":true}]}}