{"id":1930,"date":"2024-02-09T23:06:51","date_gmt":"2024-02-09T23:06:51","guid":{"rendered":"https:\/\/nfeleather.com\/?post_type=product&#038;p=1930"},"modified":"2025-10-13T17:01:00","modified_gmt":"2025-10-13T17:01:00","slug":"sin-mandas-naranja-oscuro","status":"publish","type":"product","link":"https:\/\/nfeleather.com\/index.php\/producto\/sin-mandas-naranja-oscuro\/","title":{"rendered":"VS 84"},"content":{"rendered":"","protected":false},"excerpt":{"rendered":"<p>Sofisticado dise\u00f1o que realza la belleza del cuerpo femenino. Se cierra por el centro. Con cierre met\u00e1lico. De la marca.YKK Cuenta con. Agujetas a los costados. As\u00ed como. Ajuste. En la parte de la espalda para mayor confort. Estoy seguro que vas a querer ir con \u00e9l a un concierto.<\/p>\n","protected":false},"featured_media":1931,"template":"","meta":{"om_disable_all_campaigns":false,"_uag_custom_page_level_css":"","_monsterinsights_skip_tracking":false,"_monsterinsights_sitenote_active":false,"_monsterinsights_sitenote_note":"","_monsterinsights_sitenote_category":0,"site-sidebar-layout":"default","site-content-layout":"","ast-site-content-layout":"default","site-content-style":"default","site-sidebar-style":"default","ast-global-header-display":"","ast-banner-title-visibility":"","ast-main-header-display":"","ast-hfb-above-header-display":"","ast-hfb-below-header-display":"","ast-hfb-mobile-header-display":"","site-post-title":"","ast-breadcrumbs-content":"","ast-featured-img":"","footer-sml-layout":"","theme-transparent-header-meta":"default","adv-header-id-meta":"","stick-header-meta":"","header-above-stick-meta":"","header-main-stick-meta":"","header-below-stick-meta":"","astra-migrate-meta-layouts":"set","ast-page-background-enabled":"default","ast-page-background-meta":{"desktop":{"background-color":"var(--ast-global-color-4)","background-image":"","background-repeat":"repeat","background-position":"center center","background-size":"auto","background-attachment":"scroll","background-type":"","background-media":"","overlay-type":"","overlay-color":"","overlay-gradient":""},"tablet":{"background-color":"","background-image":"","background-repeat":"repeat","background-position":"center center","background-size":"auto","background-attachment":"scroll","background-type":"","background-media":"","overlay-type":"","overlay-color":"","overlay-gradient":""},"mobile":{"background-color":"","background-image":"","background-repeat":"repeat","background-position":"center center","background-size":"auto","background-attachment":"scroll","background-type":"","background-media":"","overlay-type":"","overlay-color":"","overlay-gradient":""}},"ast-content-background-meta":{"desktop":{"background-color":"var(--ast-global-color-5)","background-image":"","background-repeat":"repeat","background-position":"center center","background-size":"auto","background-attachment":"scroll","background-type":"","background-media":"","overlay-type":"","overlay-color":"","overlay-gradient":""},"tablet":{"background-color":"var(--ast-global-color-5)","background-image":"","background-repeat":"repeat","background-position":"center center","background-size":"auto","background-attachment":"scroll","background-type":"","background-media":"","overlay-type":"","overlay-color":"","overlay-gradient":""},"mobile":{"background-color":"var(--ast-global-color-5)","background-image":"","background-repeat":"repeat","background-position":"center center","background-size":"auto","background-attachment":"scroll","background-type":"","background-media":"","overlay-type":"","overlay-color":"","overlay-gradient":""}}},"product_cat":[18,31],"product_tag":[],"class_list":["post-1930","product","type-product","status-publish","has-post-thumbnail","hentry","product_cat-sin-categorizar","product_cat-sin-mangas","desktop-align-left","tablet-align-left","mobile-align-left"],"aioseo_notices":[],"uagb_featured_image_src":{"full":["https:\/\/nfeleather.com\/wp-content\/uploads\/2024\/02\/Chamarras-piel-42.jpg",1500,1500,false],"thumbnail":["https:\/\/nfeleather.com\/wp-content\/uploads\/2024\/02\/Chamarras-piel-42-150x150.jpg",150,150,true],"medium":["https:\/\/nfeleather.com\/wp-content\/uploads\/2024\/02\/Chamarras-piel-42-300x300.jpg",300,300,true],"medium_large":["https:\/\/nfeleather.com\/wp-content\/uploads\/2024\/02\/Chamarras-piel-42-768x768.jpg",768,768,true],"large":["https:\/\/nfeleather.com\/wp-content\/uploads\/2024\/02\/Chamarras-piel-42-1024x1024.jpg",1024,1024,true],"1536x1536":["https:\/\/nfeleather.com\/wp-content\/uploads\/2024\/02\/Chamarras-piel-42.jpg",1500,1500,false],"2048x2048":["https:\/\/nfeleather.com\/wp-content\/uploads\/2024\/02\/Chamarras-piel-42.jpg",1500,1500,false],"woocommerce_thumbnail":["https:\/\/nfeleather.com\/wp-content\/uploads\/2024\/02\/Chamarras-piel-42-300x300.jpg",300,300,true],"woocommerce_single":["https:\/\/nfeleather.com\/wp-content\/uploads\/2024\/02\/Chamarras-piel-42-600x600.jpg",600,600,true],"woocommerce_gallery_thumbnail":["https:\/\/nfeleather.com\/wp-content\/uploads\/2024\/02\/Chamarras-piel-42-100x100.jpg",100,100,true]},"uagb_author_info":{"display_name":"nfeleather.com","author_link":"https:\/\/nfeleather.com\/index.php\/author\/"},"uagb_comment_info":0,"uagb_excerpt":"Sofisticado dise\u00f1o que realza la belleza del cuerpo femenino. Se cierra por el centro. Con cierre met\u00e1lico. De la marca.YKK Cuenta con. Agujetas a los costados. As\u00ed como. Ajuste. En la parte de la espalda para mayor confort. Estoy seguro que vas a querer ir con \u00e9l a un concierto.","_links":{"self":[{"href":"https:\/\/nfeleather.com\/index.php\/wp-json\/wp\/v2\/product\/1930","targetHints":{"allow":["GET"]}}],"collection":[{"href":"https:\/\/nfeleather.com\/index.php\/wp-json\/wp\/v2\/product"}],"about":[{"href":"https:\/\/nfeleather.com\/index.php\/wp-json\/wp\/v2\/types\/product"}],"wp:featuredmedia":[{"embeddable":true,"href":"https:\/\/nfeleather.com\/index.php\/wp-json\/wp\/v2\/media\/1931"}],"wp:attachment":[{"href":"https:\/\/nfeleather.com\/index.php\/wp-json\/wp\/v2\/media?parent=1930"}],"wp:term":[{"taxonomy":"product_cat","embeddable":true,"href":"https:\/\/nfeleather.com\/index.php\/wp-json\/wp\/v2\/product_cat?post=1930"},{"taxonomy":"product_tag","embeddable":true,"href":"https:\/\/nfeleather.com\/index.php\/wp-json\/wp\/v2\/product_tag?post=1930"}],"curies":[{"name":"wp","href":"https:\/\/api.w.org\/{rel}","templated":true}]}}