{"id":1905,"date":"2024-02-09T22:51:18","date_gmt":"2024-02-09T22:51:18","guid":{"rendered":"https:\/\/nfeleather.com\/?post_type=product&#038;p=1905"},"modified":"2025-10-13T17:15:30","modified_gmt":"2025-10-13T17:15:30","slug":"chaqueta-larga","status":"publish","type":"product","link":"https:\/\/nfeleather.com\/index.php\/producto\/chaqueta-larga\/","title":{"rendered":"JK 99"},"content":{"rendered":"","protected":false},"excerpt":{"rendered":"<p>Construido en fina piel de becerro. Acabado en napa. Este es un dise\u00f1o atemporal. Ideal para combinar con jeans y camisa. Y con lo que tu imaginaci\u00f3n pueda crear Cuenta con fino forro de acetato. Grabado en l\u00edneas diagonales en su interior, as\u00ed como una bolsa interior.<\/p>\n","protected":false},"featured_media":2000,"template":"","meta":{"om_disable_all_campaigns":false,"_uag_custom_page_level_css":"","_monsterinsights_skip_tracking":false,"_monsterinsights_sitenote_active":false,"_monsterinsights_sitenote_note":"","_monsterinsights_sitenote_category":0,"site-sidebar-layout":"default","site-content-layout":"","ast-site-content-layout":"default","site-content-style":"default","site-sidebar-style":"default","ast-global-header-display":"","ast-banner-title-visibility":"","ast-main-header-display":"","ast-hfb-above-header-display":"","ast-hfb-below-header-display":"","ast-hfb-mobile-header-display":"","site-post-title":"","ast-breadcrumbs-content":"","ast-featured-img":"","footer-sml-layout":"","theme-transparent-header-meta":"default","adv-header-id-meta":"","stick-header-meta":"","header-above-stick-meta":"","header-main-stick-meta":"","header-below-stick-meta":"","astra-migrate-meta-layouts":"set","ast-page-background-enabled":"default","ast-page-background-meta":{"desktop":{"background-color":"var(--ast-global-color-4)","background-image":"","background-repeat":"repeat","background-position":"center center","background-size":"auto","background-attachment":"scroll","background-type":"","background-media":"","overlay-type":"","overlay-color":"","overlay-gradient":""},"tablet":{"background-color":"","background-image":"","background-repeat":"repeat","background-position":"center center","background-size":"auto","background-attachment":"scroll","background-type":"","background-media":"","overlay-type":"","overlay-color":"","overlay-gradient":""},"mobile":{"background-color":"","background-image":"","background-repeat":"repeat","background-position":"center center","background-size":"auto","background-attachment":"scroll","background-type":"","background-media":"","overlay-type":"","overlay-color":"","overlay-gradient":""}},"ast-content-background-meta":{"desktop":{"background-color":"var(--ast-global-color-5)","background-image":"","background-repeat":"repeat","background-position":"center center","background-size":"auto","background-attachment":"scroll","background-type":"","background-media":"","overlay-type":"","overlay-color":"","overlay-gradient":""},"tablet":{"background-color":"var(--ast-global-color-5)","background-image":"","background-repeat":"repeat","background-position":"center center","background-size":"auto","background-attachment":"scroll","background-type":"","background-media":"","overlay-type":"","overlay-color":"","overlay-gradient":""},"mobile":{"background-color":"var(--ast-global-color-5)","background-image":"","background-repeat":"repeat","background-position":"center center","background-size":"auto","background-attachment":"scroll","background-type":"","background-media":"","overlay-type":"","overlay-color":"","overlay-gradient":""}}},"product_cat":[18,28],"product_tag":[],"class_list":["post-1905","product","type-product","status-publish","has-post-thumbnail","hentry","product_cat-sin-categorizar","product_cat-chamarras","desktop-align-left","tablet-align-left","mobile-align-left"],"aioseo_notices":[],"uagb_featured_image_src":{"full":["https:\/\/nfeleather.com\/wp-content\/uploads\/2024\/02\/ChatGPT-Image-13-oct-2025-11_12_56.png",920,917,false],"thumbnail":["https:\/\/nfeleather.com\/wp-content\/uploads\/2024\/02\/ChatGPT-Image-13-oct-2025-11_12_56-150x150.png",150,150,true],"medium":["https:\/\/nfeleather.com\/wp-content\/uploads\/2024\/02\/ChatGPT-Image-13-oct-2025-11_12_56-300x300.png",300,300,true],"medium_large":["https:\/\/nfeleather.com\/wp-content\/uploads\/2024\/02\/ChatGPT-Image-13-oct-2025-11_12_56-768x765.png",768,765,true],"large":["https:\/\/nfeleather.com\/wp-content\/uploads\/2024\/02\/ChatGPT-Image-13-oct-2025-11_12_56.png",920,917,false],"1536x1536":["https:\/\/nfeleather.com\/wp-content\/uploads\/2024\/02\/ChatGPT-Image-13-oct-2025-11_12_56.png",920,917,false],"2048x2048":["https:\/\/nfeleather.com\/wp-content\/uploads\/2024\/02\/ChatGPT-Image-13-oct-2025-11_12_56.png",920,917,false],"woocommerce_thumbnail":["https:\/\/nfeleather.com\/wp-content\/uploads\/2024\/02\/ChatGPT-Image-13-oct-2025-11_12_56-300x300.png",300,300,true],"woocommerce_single":["https:\/\/nfeleather.com\/wp-content\/uploads\/2024\/02\/ChatGPT-Image-13-oct-2025-11_12_56-600x598.png",600,598,true],"woocommerce_gallery_thumbnail":["https:\/\/nfeleather.com\/wp-content\/uploads\/2024\/02\/ChatGPT-Image-13-oct-2025-11_12_56-100x100.png",100,100,true]},"uagb_author_info":{"display_name":"nfeleather.com","author_link":"https:\/\/nfeleather.com\/index.php\/author\/"},"uagb_comment_info":0,"uagb_excerpt":"Construido en fina piel de becerro. Acabado en napa. Este es un dise\u00f1o atemporal. Ideal para combinar con jeans y camisa. Y con lo que tu imaginaci\u00f3n pueda crear Cuenta con fino forro de acetato. Grabado en l\u00edneas diagonales en su interior, as\u00ed como una bolsa interior.","_links":{"self":[{"href":"https:\/\/nfeleather.com\/index.php\/wp-json\/wp\/v2\/product\/1905","targetHints":{"allow":["GET"]}}],"collection":[{"href":"https:\/\/nfeleather.com\/index.php\/wp-json\/wp\/v2\/product"}],"about":[{"href":"https:\/\/nfeleather.com\/index.php\/wp-json\/wp\/v2\/types\/product"}],"wp:featuredmedia":[{"embeddable":true,"href":"https:\/\/nfeleather.com\/index.php\/wp-json\/wp\/v2\/media\/2000"}],"wp:attachment":[{"href":"https:\/\/nfeleather.com\/index.php\/wp-json\/wp\/v2\/media?parent=1905"}],"wp:term":[{"taxonomy":"product_cat","embeddable":true,"href":"https:\/\/nfeleather.com\/index.php\/wp-json\/wp\/v2\/product_cat?post=1905"},{"taxonomy":"product_tag","embeddable":true,"href":"https:\/\/nfeleather.com\/index.php\/wp-json\/wp\/v2\/product_tag?post=1905"}],"curies":[{"name":"wp","href":"https:\/\/api.w.org\/{rel}","templated":true}]}}