{"id":1116,"date":"2022-04-29T04:28:13","date_gmt":"2022-04-29T04:28:13","guid":{"rendered":"https:\/\/nfeleather.com\/index.php\/about\/"},"modified":"2024-02-27T22:24:46","modified_gmt":"2024-02-27T22:24:46","slug":"about","status":"publish","type":"page","link":"https:\/\/nfeleather.com\/index.php\/about\/","title":{"rendered":"Nosotros"},"content":{"rendered":"\n<div class=\"wp-block-uagb-container uagb-block-ec57ae33 alignfull uagb-is-root-container\"><div class=\"uagb-container-inner-blocks-wrap\">\n<div class=\"wp-block-uagb-container uagb-block-b99b1654\">\n<div class=\"wp-block-uagb-info-box uagb-block-4a165757 uagb-infobox__content-wrap  uagb-infobox-icon-above-title uagb-infobox-image-valign-top\"><div class=\"uagb-ifb-content\"><div class=\"uagb-ifb-title-wrap\"><h1 class=\"uagb-ifb-title\">Nosotros<\/h1><\/div><\/div><\/div>\n<\/div>\n<\/div><\/div>\n\n\n\n<div class=\"wp-block-uagb-container uagb-block-03926366 alignfull uagb-is-root-container\"><div class=\"uagb-container-inner-blocks-wrap\">\n<div class=\"wp-block-uagb-container uagb-block-d3634444\">\n<div class=\"wp-block-uagb-image alignleft uagb-block-bbccf630 wp-block-uagb-image--layout-default wp-block-uagb-image--effect-static wp-block-uagb-image--align-left\"><figure class=\"wp-block-uagb-image__figure\"><img decoding=\"async\" srcset=\"https:\/\/nfeleather.com\/wp-content\/uploads\/2023\/10\/coat-4712912_1920-768x1024.jpg ,https:\/\/nfeleather.com\/wp-content\/uploads\/2023\/10\/coat-4712912_1920.jpg 780w, https:\/\/nfeleather.com\/wp-content\/uploads\/2023\/10\/coat-4712912_1920.jpg 360w\" sizes=\"auto, (max-width: 480px) 150px\" src=\"https:\/\/nfeleather.com\/wp-content\/uploads\/2023\/10\/coat-4712912_1920-768x1024.jpg\" alt=\"\" class=\"uag-image-1841\" width=\"768\" height=\"1024\" title=\"\" loading=\"lazy\"\/><\/figure><\/div>\n<\/div>\n\n\n\n<div class=\"wp-block-uagb-container uagb-block-4596b95e\">\n<div class=\"wp-block-uagb-advanced-heading uagb-block-755d0607\"><h6 class=\"uagb-heading-text\">\u00bfQuienes somos?<\/h6><\/div>\n\n\n\n<div class=\"wp-block-uagb-info-box uagb-block-02d384db uagb-infobox__content-wrap  uagb-infobox-icon-above-title uagb-infobox-image-valign-top\"><div class=\"uagb-ifb-content\"><div class=\"uagb-ifb-icon-wrap\"><svg xmlns=\"https:\/\/www.w3.org\/2000\/svg\" viewBox=\"0 0 448 512\"><path d=\"M96 224C84.72 224 74.05 226.3 64 229.9V224c0-35.3 28.7-64 64-64c17.67 0 32-14.33 32-32S145.7 96 128 96C57.42 96 0 153.4 0 224v96c0 53.02 42.98 96 96 96s96-42.98 96-96S149 224 96 224zM352 224c-11.28 0-21.95 2.305-32 5.879V224c0-35.3 28.7-64 64-64c17.67 0 32-14.33 32-32s-14.33-32-32-32c-70.58 0-128 57.42-128 128v96c0 53.02 42.98 96 96 96s96-42.98 96-96S405 224 352 224z\"><\/path><\/svg><\/div><div class=\"uagb-ifb-title-wrap\"><span class=\"uagb-ifb-title-prefix\">NFE somos una empresa establecida en la Ciudad de Guadalajara , Jalisco, M\u00e9xico, y nos dedicamos a la<br>Creaci\u00f3n de prendas de piel, c\u00f3mo chamarras, bolsos, accesorios y tambi\u00e9n a calzado para dama, este puede ser en piel natural o en piel sint\u00e9tica.<\/span><\/div><div class=\"uagb-ifb-separator\"><\/div><\/div><\/div>\n\n\n\n<div class=\"wp-block-uagb-advanced-heading uagb-block-f0a0aac2\"><h6 class=\"uagb-heading-text\">Nuestras redes<\/h6><\/div>\n\n\n\n<div class=\"wp-block-uagb-social-share uagb-social-share__outer-wrap uagb-social-share__layout-horizontal uagb-block-ca105938\">\n<div class=\"wp-block-uagb-social-share-child uagb-ss-repeater uagb-ss__wrapper uagb-block-6d45d77a\"><span class=\"uagb-ss__link\" data-href=\"https:\/\/www.facebook.com\/sharer.php?u=\" tabindex=\"0\" role=\"button\" aria-label=\"facebook\"><span class=\"uagb-ss__source-wrap\"><span class=\"uagb-ss__source-icon\"><svg xmlns=\"https:\/\/www.w3.org\/2000\/svg\" viewBox=\"0 0 448 512\"><path d=\"M224.1 141c-63.6 0-114.9 51.3-114.9 114.9s51.3 114.9 114.9 114.9S339 319.5 339 255.9 287.7 141 224.1 141zm0 189.6c-41.1 0-74.7-33.5-74.7-74.7s33.5-74.7 74.7-74.7 74.7 33.5 74.7 74.7-33.6 74.7-74.7 74.7zm146.4-194.3c0 14.9-12 26.8-26.8 26.8-14.9 0-26.8-12-26.8-26.8s12-26.8 26.8-26.8 26.8 12 26.8 26.8zm76.1 27.2c-1.7-35.9-9.9-67.7-36.2-93.9-26.2-26.2-58-34.4-93.9-36.2-37-2.1-147.9-2.1-184.9 0-35.8 1.7-67.6 9.9-93.9 36.1s-34.4 58-36.2 93.9c-2.1 37-2.1 147.9 0 184.9 1.7 35.9 9.9 67.7 36.2 93.9s58 34.4 93.9 36.2c37 2.1 147.9 2.1 184.9 0 35.9-1.7 67.7-9.9 93.9-36.2 26.2-26.2 34.4-58 36.2-93.9 2.1-37 2.1-147.8 0-184.8zM398.8 388c-7.8 19.6-22.9 34.7-42.6 42.6-29.5 11.7-99.5 9-132.1 9s-102.7 2.6-132.1-9c-19.6-7.8-34.7-22.9-42.6-42.6-11.7-29.5-9-99.5-9-132.1s-2.6-102.7 9-132.1c7.8-19.6 22.9-34.7 42.6-42.6 29.5-11.7 99.5-9 132.1-9s102.7-2.6 132.1 9c19.6 7.8 34.7 22.9 42.6 42.6 11.7 29.5 9 99.5 9 132.1s2.7 102.7-9 132.1z\"><\/path><\/svg><\/span><\/span><\/span><\/div>\n\n\n\n<div class=\"wp-block-uagb-social-share-child uagb-ss-repeater uagb-ss__wrapper uagb-block-069d76a3\"><span class=\"uagb-ss__link\" data-href=\"https:\/\/twitter.com\/share?url=\" tabindex=\"0\" role=\"button\" aria-label=\"twitter\"><span class=\"uagb-ss__source-wrap\"><span class=\"uagb-ss__source-icon\"><svg xmlns=\"https:\/\/www.w3.org\/2000\/svg\" viewBox=\"0 0 512 512\"><path d=\"M504 256C504 119 393 8 256 8S8 119 8 256c0 123.8 90.69 226.4 209.3 245V327.7h-63V256h63v-54.64c0-62.15 37-96.48 93.67-96.48 27.14 0 55.52 4.84 55.52 4.84v61h-31.28c-30.8 0-40.41 19.12-40.41 38.73V256h68.78l-11 71.69h-57.78V501C413.3 482.4 504 379.8 504 256z\"><\/path><\/svg><\/span><\/span><\/span><\/div>\n\n\n\n<div class=\"wp-block-uagb-social-share-child uagb-ss-repeater uagb-ss__wrapper uagb-block-76149940\"><span class=\"uagb-ss__link\" data-href=\"https:\/\/pinterest.com\/pin\/create\/link\/?url=\" tabindex=\"0\" role=\"button\" aria-label=\"pinterest\"><span class=\"uagb-ss__source-wrap\"><span class=\"uagb-ss__source-icon\"><svg xmlns=\"https:\/\/www.w3.org\/2000\/svg\" viewBox=\"0 0 496 512\"><path d=\"M496 256c0 137-111 248-248 248-25.6 0-50.2-3.9-73.4-11.1 10.1-16.5 25.2-43.5 30.8-65 3-11.6 15.4-59 15.4-59 8.1 15.4 31.7 28.5 56.8 28.5 74.8 0 128.7-68.8 128.7-154.3 0-81.9-66.9-143.2-152.9-143.2-107 0-163.9 71.8-163.9 150.1 0 36.4 19.4 81.7 50.3 96.1 4.7 2.2 7.2 1.2 8.3-3.3 .8-3.4 5-20.3 6.9-28.1 .6-2.5 .3-4.7-1.7-7.1-10.1-12.5-18.3-35.3-18.3-56.6 0-54.7 41.4-107.6 112-107.6 60.9 0 103.6 41.5 103.6 100.9 0 67.1-33.9 113.6-78 113.6-24.3 0-42.6-20.1-36.7-44.8 7-29.5 20.5-61.3 20.5-82.6 0-19-10.2-34.9-31.4-34.9-24.9 0-44.9 25.7-44.9 60.2 0 22 7.4 36.8 7.4 36.8s-24.5 103.8-29 123.2c-5 21.4-3 51.6-.9 71.2C65.4 450.9 0 361.1 0 256 0 119 111 8 248 8s248 111 248 248z\"><\/path><\/svg><\/span><\/span><\/span><\/div>\n\n\n\n<div class=\"wp-block-uagb-social-share-child uagb-ss-repeater uagb-ss__wrapper uagb-block-b0ac5467\"><span class=\"uagb-ss__link\" data-href=\"https:\/\/www.linkedin.com\/shareArticle?url=\" tabindex=\"0\" role=\"button\" aria-label=\"linkedin\"><span class=\"uagb-ss__source-wrap\"><span class=\"uagb-ss__source-icon\"><svg xmlns=\"https:\/\/www.w3.org\/2000\/svg\" viewBox=\"0 0 512 512\"><path d=\"M459.4 151.7c.325 4.548 .325 9.097 .325 13.65 0 138.7-105.6 298.6-298.6 298.6-59.45 0-114.7-17.22-161.1-47.11 8.447 .974 16.57 1.299 25.34 1.299 49.06 0 94.21-16.57 130.3-44.83-46.13-.975-84.79-31.19-98.11-72.77 6.498 .974 12.99 1.624 19.82 1.624 9.421 0 18.84-1.3 27.61-3.573-48.08-9.747-84.14-51.98-84.14-102.1v-1.299c13.97 7.797 30.21 12.67 47.43 13.32-28.26-18.84-46.78-51.01-46.78-87.39 0-19.49 5.197-37.36 14.29-52.95 51.65 63.67 129.3 105.3 216.4 109.8-1.624-7.797-2.599-15.92-2.599-24.04 0-57.83 46.78-104.9 104.9-104.9 30.21 0 57.5 12.67 76.67 33.14 23.72-4.548 46.46-13.32 66.6-25.34-7.798 24.37-24.37 44.83-46.13 57.83 21.12-2.273 41.58-8.122 60.43-16.24-14.29 20.79-32.16 39.31-52.63 54.25z\"><\/path><\/svg><\/span><\/span><\/span><\/div>\n\n\n\n<div class=\"wp-block-uagb-social-share-child uagb-ss-repeater uagb-ss__wrapper uagb-block-f67a399d\"><span class=\"uagb-ss__link\" data-href=\"https:\/\/www.linkedin.com\/shareArticle?url=\" tabindex=\"0\" role=\"button\" aria-label=\"linkedin\"><span class=\"uagb-ss__source-wrap\"><span class=\"uagb-ss__source-icon\"><svg xmlns=\"https:\/\/www.w3.org\/2000\/svg\" viewBox=\"0 0 576 512\"><path d=\"M549.7 124.1c-6.281-23.65-24.79-42.28-48.28-48.6C458.8 64 288 64 288 64S117.2 64 74.63 75.49c-23.5 6.322-42 24.95-48.28 48.6-11.41 42.87-11.41 132.3-11.41 132.3s0 89.44 11.41 132.3c6.281 23.65 24.79 41.5 48.28 47.82C117.2 448 288 448 288 448s170.8 0 213.4-11.49c23.5-6.321 42-24.17 48.28-47.82 11.41-42.87 11.41-132.3 11.41-132.3s0-89.44-11.41-132.3zm-317.5 213.5V175.2l142.7 81.21-142.7 81.2z\"><\/path><\/svg><\/span><\/span><\/span><\/div>\n<\/div>\n<\/div>\n<\/div><\/div>\n\n\n\n<div class=\"wp-block-uagb-container uagb-block-6b968533 alignfull uagb-is-root-container\"><div class=\"uagb-container-inner-blocks-wrap\">\n<div class=\"wp-block-uagb-container uagb-block-c6ba3fc6\">\n<div class=\"wp-block-uagb-container uagb-block-d007fec1 alignfull uagb-is-root-container\"><div class=\"uagb-container-inner-blocks-wrap\">\n<div class=\"wp-block-uagb-container uagb-block-815c24b6\">\n<div class=\"wp-block-uagb-advanced-heading uagb-block-7bbb1e16\"><h6 class=\"uagb-heading-text\">Nuestra Historia<\/h6><\/div>\n<\/div>\n\n\n\n<div class=\"wp-block-uagb-container uagb-block-decbf510\">\n<p>Bajo el nombre de NFE, la firma ha logrado llevar dise\u00f1os, tendencia y colecciones de chamarras, chalecos, faldas y bolsos para dama y caballero a estados unidos de america , logrando \u00e9xito y aceptaci\u00f3n en el p\u00fablico norteamericano en eventos tales c\u00f3mo: Houston rodeo, Las vegas y Sturgis.<\/p>\n\n\n\n<p>Hemos vendido durante muchos a\u00f1os en la ciudad de M\u00e9xico y ahora queremos poner a disposici\u00f3n de todos y cada uno de ustedes nuestras creaciones.<\/p>\n\n\n\n<p>NFE, busca la originalidad y calidad en todos sus elementos de trabajo, es por ello que en la b\u00fasqueda hacia lo exclusivo a llegado a descubrir e implementar finos materiales importados y solo los mejores de M\u00e9xico c\u00f3mo: pieles de la m\u00e1s alta calidad, Cierres YKK, forros, as\u00ed c\u00f3mo herrajes dise\u00f1ados y creados exclusivamente para nosotros.<\/p>\n\n\n\n<p>Han sido m\u00e1s de 36 a\u00f1os de manos artesanas que han dedicado su tiempo, talento y amor en perfeccionar cada t\u00e9cnica y proceso para obtener una prenda de alta gama, con una calidad insuperable, NFE va m\u00e1s all\u00e1 de la<br>Moda, es un estilo que trasciende a trav\u00e9s de sus colecciones bajo los m\u00e1s altos est\u00e1ndares de calidad y las m\u00e1s finas pieles y materiales, logrando as\u00ed, la<br>Creaci\u00f3n de una prenda que plasma una historia de pasi\u00f3n y tradici\u00f3n en la<br>Fabricaci\u00f3n de chamarras y art\u00edculos de piel, de tal manera, que cada elemento, dise\u00f1o, corte y costura en nuestros art\u00edculos es una bella manifestaci\u00f3n art\u00edstica que constituye una aut\u00e9ntica pieza digna de admiraci\u00f3n y porte.<br>Las habilidades y el talento de nuestro equipo de artesanos y dise\u00f1ador, logran que cada proceso sea llevado a detalle y con dedicaci\u00f3n asegurando incre\u00edbles y originales piezas.<\/p>\n<\/div>\n<\/div><\/div>\n<\/div>\n<\/div><\/div>\n\n\n\n<div class=\"wp-block-uagb-container uagb-block-903e8ae4 alignfull uagb-is-root-container\"><div class=\"uagb-container-inner-blocks-wrap\">\n<div class=\"wp-block-uagb-container uagb-block-9710755a\">\n<div class=\"wp-block-uagb-advanced-heading uagb-block-65c9f9cf\"><h4 class=\"uagb-heading-text\">S\u00edguenos en @NFELeather<\/h4><\/div>\n\n\n\n<div class=\"wp-block-uagb-container uagb-block-dec9ecbf alignfull uagb-is-root-container\"><div class=\"uagb-container-inner-blocks-wrap\">\n<div class=\"wp-block-uagb-container uagb-block-2caf4c75\">\n<div class=\"wp-block-uagb-image uagb-block-cd5fd193 wp-block-uagb-image--layout-default wp-block-uagb-image--effect-static wp-block-uagb-image--align-none\"><figure class=\"wp-block-uagb-image__figure\"><img decoding=\"async\" srcset=\"https:\/\/nfeleather.com\/wp-content\/uploads\/2023\/10\/Untitled-7-e1698703684933-300x300.png ,https:\/\/nfeleather.com\/wp-content\/uploads\/2023\/10\/Untitled-7-e1698703684933.png 780w, https:\/\/nfeleather.com\/wp-content\/uploads\/2023\/10\/Untitled-7-e1698703684933.png 360w\" sizes=\"auto, (max-width: 480px) 150px\" src=\"https:\/\/nfeleather.com\/wp-content\/uploads\/2023\/10\/Untitled-7-e1698703684933-300x300.png\" alt=\"\" class=\"uag-image-1844\" width=\"300\" height=\"300\" title=\"\" loading=\"lazy\"\/><\/figure><\/div>\n<\/div>\n\n\n\n<div class=\"wp-block-uagb-container uagb-block-0111e977\">\n<div class=\"wp-block-uagb-image uagb-block-4a21e4dd wp-block-uagb-image--layout-default wp-block-uagb-image--effect-static wp-block-uagb-image--align-none\"><figure class=\"wp-block-uagb-image__figure\"><img decoding=\"async\" srcset=\"https:\/\/nfeleather.com\/wp-content\/uploads\/2023\/10\/Untitled-10-e1698703843748-300x300.png ,https:\/\/nfeleather.com\/wp-content\/uploads\/2023\/10\/Untitled-10-e1698703843748.png 780w, https:\/\/nfeleather.com\/wp-content\/uploads\/2023\/10\/Untitled-10-e1698703843748.png 360w\" sizes=\"auto, (max-width: 480px) 150px\" src=\"https:\/\/nfeleather.com\/wp-content\/uploads\/2023\/10\/Untitled-10-e1698703843748-300x300.png\" alt=\"\" class=\"uag-image-1845\" width=\"300\" height=\"300\" title=\"\" loading=\"lazy\"\/><\/figure><\/div>\n<\/div>\n\n\n\n<div class=\"wp-block-uagb-container uagb-block-6cd32313\">\n<div class=\"wp-block-uagb-image uagb-block-6f5f3c21 wp-block-uagb-image--layout-default wp-block-uagb-image--effect-static wp-block-uagb-image--align-none\"><figure class=\"wp-block-uagb-image__figure\"><img decoding=\"async\" srcset=\"https:\/\/nfeleather.com\/wp-content\/uploads\/2023\/10\/Untitled-11-e1698703922707-300x300.png ,https:\/\/nfeleather.com\/wp-content\/uploads\/2023\/10\/Untitled-11-e1698703922707.png 780w, https:\/\/nfeleather.com\/wp-content\/uploads\/2023\/10\/Untitled-11-e1698703922707.png 360w\" sizes=\"auto, (max-width: 480px) 150px\" src=\"https:\/\/nfeleather.com\/wp-content\/uploads\/2023\/10\/Untitled-11-e1698703922707-300x300.png\" alt=\"\" class=\"uag-image-1846\" width=\"300\" height=\"300\" title=\"\" loading=\"lazy\"\/><\/figure><\/div>\n<\/div>\n\n\n\n<div class=\"wp-block-uagb-container uagb-block-68b88c50\">\n<div class=\"wp-block-uagb-image uagb-block-8272f3cb wp-block-uagb-image--layout-default wp-block-uagb-image--effect-static wp-block-uagb-image--align-none\"><figure class=\"wp-block-uagb-image__figure\"><img decoding=\"async\" srcset=\"https:\/\/nfeleather.com\/wp-content\/uploads\/2023\/10\/Untitled-12-e1698703981763-300x300.png ,https:\/\/nfeleather.com\/wp-content\/uploads\/2023\/10\/Untitled-12-e1698703981763.png 780w, https:\/\/nfeleather.com\/wp-content\/uploads\/2023\/10\/Untitled-12-e1698703981763.png 360w\" sizes=\"auto, (max-width: 480px) 150px\" src=\"https:\/\/nfeleather.com\/wp-content\/uploads\/2023\/10\/Untitled-12-e1698703981763-300x300.png\" alt=\"\" class=\"uag-image-1847\" width=\"300\" height=\"300\" title=\"\" loading=\"lazy\"\/><\/figure><\/div>\n<\/div>\n\n\n\n<div class=\"wp-block-uagb-container uagb-block-8cc8260b\">\n<div class=\"wp-block-uagb-image uagb-block-82b58d3e wp-block-uagb-image--layout-default wp-block-uagb-image--effect-static wp-block-uagb-image--align-none\"><figure class=\"wp-block-uagb-image__figure\"><img decoding=\"async\" srcset=\"https:\/\/nfeleather.com\/wp-content\/uploads\/2023\/10\/Untitled-13-e1698704040139-300x300.png ,https:\/\/nfeleather.com\/wp-content\/uploads\/2023\/10\/Untitled-13-e1698704040139.png 780w, https:\/\/nfeleather.com\/wp-content\/uploads\/2023\/10\/Untitled-13-e1698704040139.png 360w\" sizes=\"auto, (max-width: 480px) 150px\" src=\"https:\/\/nfeleather.com\/wp-content\/uploads\/2023\/10\/Untitled-13-e1698704040139-300x300.png\" alt=\"\" class=\"uag-image-1848\" width=\"300\" height=\"300\" title=\"\" loading=\"lazy\"\/><\/figure><\/div>\n<\/div>\n\n\n\n<div class=\"wp-block-uagb-container uagb-block-baeff1ce\">\n<div class=\"wp-block-uagb-image uagb-block-b598b102 wp-block-uagb-image--layout-default wp-block-uagb-image--effect-static wp-block-uagb-image--align-none\"><figure class=\"wp-block-uagb-image__figure\"><img decoding=\"async\" srcset=\"https:\/\/nfeleather.com\/wp-content\/uploads\/2023\/10\/Untitled-14-e1698704462939-297x300.png ,https:\/\/nfeleather.com\/wp-content\/uploads\/2023\/10\/Untitled-14-e1698704462939.png 780w, https:\/\/nfeleather.com\/wp-content\/uploads\/2023\/10\/Untitled-14-e1698704462939.png 360w\" sizes=\"auto, (max-width: 480px) 150px\" src=\"https:\/\/nfeleather.com\/wp-content\/uploads\/2023\/10\/Untitled-14-e1698704462939-297x300.png\" alt=\"\" class=\"uag-image-1849\" width=\"297\" height=\"300\" title=\"\" loading=\"lazy\"\/><\/figure><\/div>\n<\/div>\n<\/div><\/div>\n<\/div>\n<\/div><\/div>\n","protected":false},"excerpt":{"rendered":"<p>\u00bfQuienes somos? Nuestras redes Nuestra Historia Bajo el nombre de NFE, la firma ha logrado llevar dise\u00f1os, tendencia y colecciones de chamarras, chalecos, faldas y bolsos para dama y caballero a estados unidos de america , logrando \u00e9xito y aceptaci\u00f3n en el p\u00fablico norteamericano en eventos tales c\u00f3mo: Houston rodeo, Las vegas y Sturgis. Hemos &hellip;<\/p>\n<p class=\"read-more\"> <a class=\"\" href=\"https:\/\/nfeleather.com\/index.php\/about\/\"> <span class=\"screen-reader-text\">Nosotros<\/span> Leer m\u00e1s &raquo;<\/a><\/p>\n","protected":false},"author":1,"featured_media":0,"parent":0,"menu_order":0,"comment_status":"closed","ping_status":"closed","template":"","meta":{"om_disable_all_campaigns":false,"_uag_custom_page_level_css":"","_monsterinsights_skip_tracking":false,"_monsterinsights_sitenote_active":false,"_monsterinsights_sitenote_note":"","_monsterinsights_sitenote_category":0,"site-sidebar-layout":"no-sidebar","site-content-layout":"page-builder","ast-site-content-layout":"full-width-container","site-content-style":"unboxed","site-sidebar-style":"unboxed","ast-global-header-display":"","ast-banner-title-visibility":"","ast-main-header-display":"","ast-hfb-above-header-display":"","ast-hfb-below-header-display":"","ast-hfb-mobile-header-display":"","site-post-title":"disabled","ast-breadcrumbs-content":"disabled","ast-featured-img":"disabled","footer-sml-layout":"","theme-transparent-header-meta":"enabled","adv-header-id-meta":"","stick-header-meta":"","header-above-stick-meta":"","header-main-stick-meta":"","header-below-stick-meta":"","astra-migrate-meta-layouts":"set","ast-page-background-enabled":"default","ast-page-background-meta":{"desktop":{"background-color":"var(--ast-global-color-4)","background-image":"","background-repeat":"repeat","background-position":"center center","background-size":"auto","background-attachment":"scroll","background-type":"","background-media":"","overlay-type":"","overlay-color":"","overlay-gradient":""},"tablet":{"background-color":"","background-image":"","background-repeat":"repeat","background-position":"center center","background-size":"auto","background-attachment":"scroll","background-type":"","background-media":"","overlay-type":"","overlay-color":"","overlay-gradient":""},"mobile":{"background-color":"","background-image":"","background-repeat":"repeat","background-position":"center center","background-size":"auto","background-attachment":"scroll","background-type":"","background-media":"","overlay-type":"","overlay-color":"","overlay-gradient":""}},"ast-content-background-meta":{"desktop":{"background-color":"var(--ast-global-color-5)","background-image":"","background-repeat":"repeat","background-position":"center center","background-size":"auto","background-attachment":"scroll","background-type":"","background-media":"","overlay-type":"","overlay-color":"","overlay-gradient":""},"tablet":{"background-color":"var(--ast-global-color-5)","background-image":"","background-repeat":"repeat","background-position":"center center","background-size":"auto","background-attachment":"scroll","background-type":"","background-media":"","overlay-type":"","overlay-color":"","overlay-gradient":""},"mobile":{"background-color":"var(--ast-global-color-5)","background-image":"","background-repeat":"repeat","background-position":"center center","background-size":"auto","background-attachment":"scroll","background-type":"","background-media":"","overlay-type":"","overlay-color":"","overlay-gradient":""}},"footnotes":""},"class_list":["post-1116","page","type-page","status-publish","hentry"],"aioseo_notices":[],"uagb_featured_image_src":{"full":false,"thumbnail":false,"medium":false,"medium_large":false,"large":false,"1536x1536":false,"2048x2048":false,"woocommerce_thumbnail":false,"woocommerce_single":false,"woocommerce_gallery_thumbnail":false},"uagb_author_info":{"display_name":"nfeleather.com","author_link":"https:\/\/nfeleather.com\/index.php\/author\/nfeleather-com\/"},"uagb_comment_info":0,"uagb_excerpt":"\u00bfQuienes somos? Nuestras redes Nuestra Historia Bajo el nombre de NFE, la firma ha logrado llevar dise\u00f1os, tendencia y colecciones de chamarras, chalecos, faldas y bolsos para dama y caballero a estados unidos de america , logrando \u00e9xito y aceptaci\u00f3n en el p\u00fablico norteamericano en eventos tales c\u00f3mo: Houston rodeo, Las vegas y Sturgis. Hemos&hellip;","_links":{"self":[{"href":"https:\/\/nfeleather.com\/index.php\/wp-json\/wp\/v2\/pages\/1116","targetHints":{"allow":["GET"]}}],"collection":[{"href":"https:\/\/nfeleather.com\/index.php\/wp-json\/wp\/v2\/pages"}],"about":[{"href":"https:\/\/nfeleather.com\/index.php\/wp-json\/wp\/v2\/types\/page"}],"author":[{"embeddable":true,"href":"https:\/\/nfeleather.com\/index.php\/wp-json\/wp\/v2\/users\/1"}],"replies":[{"embeddable":true,"href":"https:\/\/nfeleather.com\/index.php\/wp-json\/wp\/v2\/comments?post=1116"}],"version-history":[{"count":8,"href":"https:\/\/nfeleather.com\/index.php\/wp-json\/wp\/v2\/pages\/1116\/revisions"}],"predecessor-version":[{"id":1983,"href":"https:\/\/nfeleather.com\/index.php\/wp-json\/wp\/v2\/pages\/1116\/revisions\/1983"}],"wp:attachment":[{"href":"https:\/\/nfeleather.com\/index.php\/wp-json\/wp\/v2\/media?parent=1116"}],"curies":[{"name":"wp","href":"https:\/\/api.w.org\/{rel}","templated":true}]}}