{"id":1113,"date":"2022-04-29T04:27:23","date_gmt":"2022-04-29T04:27:23","guid":{"rendered":"https:\/\/nfeleather.com\/index.php\/home\/"},"modified":"2025-10-20T18:57:25","modified_gmt":"2025-10-20T18:57:25","slug":"home","status":"publish","type":"page","link":"https:\/\/nfeleather.com\/","title":{"rendered":"Inicio"},"content":{"rendered":"\n<div class=\"wp-block-uagb-container uagb-block-b9b9f3ba alignfull uagb-is-root-container\"><div class=\"uagb-container-inner-blocks-wrap\">\n<div class=\"wp-block-uagb-container uagb-block-a9ab6ca1\">\n<div class=\"wp-block-uagb-advanced-heading uagb-block-1888403a\"><h6 class=\"uagb-heading-text\">Tienda nfe Leather<\/h6><\/div>\n\n\n\n<div class=\"wp-block-uagb-advanced-heading uagb-block-bdaa615f\"><h1 class=\"uagb-heading-text\">Art\u00edculos de Piel<\/h1><\/div>\n\n\n\n<div class=\"wp-block-uagb-buttons uagb-buttons__outer-wrap uagb-btn__default-btn uagb-btn-tablet__default-btn uagb-btn-mobile__default-btn uagb-block-51f01841\"><div class=\"uagb-buttons__wrap uagb-buttons-layout-wrap\">\n<div class=\"wp-block-uagb-buttons-child uagb-buttons__outer-wrap uagb-block-e56f7529 wp-block-button\"><div class=\"uagb-button__wrapper\"><a class=\"uagb-buttons-repeater wp-block-button__link\" href=\"https:\/\/nfeleather.com\/index.php\/shop\/\" onclick=\"return true;\" rel=\"follow noopener\" target=\"_self\"><div class=\"uagb-button__link\">Comprar<\/div><\/a><\/div><\/div>\n<\/div><\/div>\n<\/div>\n<\/div><\/div>\n\n\n\n<div class=\"wp-block-uagb-container uagb-block-43cf3c1b alignfull uagb-is-root-container\"><div class=\"uagb-container-inner-blocks-wrap\">\n<div class=\"wp-block-uagb-container uagb-block-982a911c\">\n<div class=\"wp-block-uagb-advanced-heading uagb-block-656bd795\"><h2 class=\"uagb-heading-text\">Nuevo<\/h2><\/div>\n\n\n\n<div class=\"wp-block-uagb-container uagb-block-3e42d2fb\"><\/div>\n\n\n\n<div class=\"wp-block-uagb-container uagb-block-79be646e\">\n<div class=\"wp-block-uagb-buttons uagb-buttons__outer-wrap uagb-btn__default-btn uagb-btn-tablet__default-btn uagb-btn-mobile__default-btn uagb-block-5c066cb1\"><div class=\"uagb-buttons__wrap uagb-buttons-layout-wrap\">\n<div class=\"wp-block-uagb-buttons-child uagb-buttons__outer-wrap uagb-block-b95520ca wp-block-button\"><div class=\"uagb-button__wrapper\"><a class=\"uagb-buttons-repeater wp-block-button__link\" href=\"https:\/\/nfeleather.com\/index.php\/shop\/\" onclick=\"return true;\" rel=\"follow noopener\" target=\"_self\"><div class=\"uagb-button__link\">comprar<\/div><\/a><\/div><\/div>\n<\/div><\/div>\n<\/div>\n\n\n<div class=\"woocommerce columns-4 \"><ul class=\"products columns-4\">\n<li class=\"desktop-align-left tablet-align-left mobile-align-left product type-product post-2006 status-publish first instock product_cat-chamarras product_cat-sin-categorizar has-post-thumbnail shipping-taxable purchasable product-type-simple\">\n\t<\/li>\n<li class=\"desktop-align-left tablet-align-left mobile-align-left product type-product post-1947 status-publish instock product_cat-chamarras product_cat-sin-categorizar has-post-thumbnail shipping-taxable purchasable product-type-simple\">\n\t<\/li>\n<li class=\"desktop-align-left tablet-align-left mobile-align-left product type-product post-1943 status-publish instock product_cat-chamarras product_cat-sin-categorizar has-post-thumbnail shipping-taxable purchasable product-type-simple\">\n\t<\/li>\n<li class=\"desktop-align-left tablet-align-left mobile-align-left product type-product post-1937 status-publish last instock product_cat-chamarras product_cat-sin-categorizar has-post-thumbnail shipping-taxable purchasable product-type-simple\">\n\t<\/li>\n<li class=\"desktop-align-left tablet-align-left mobile-align-left product type-product post-1930 status-publish first instock product_cat-sin-mangas product_cat-sin-categorizar has-post-thumbnail shipping-taxable purchasable product-type-simple\">\n\t<\/li>\n<li class=\"desktop-align-left tablet-align-left mobile-align-left product type-product post-1921 status-publish instock product_cat-chamarras product_cat-sin-categorizar has-post-thumbnail shipping-taxable purchasable product-type-simple\">\n\t<\/li>\n<li class=\"desktop-align-left tablet-align-left mobile-align-left product type-product post-1915 status-publish instock product_cat-chamarras product_cat-sin-categorizar has-post-thumbnail shipping-taxable purchasable product-type-simple\">\n\t<\/li>\n<li class=\"desktop-align-left tablet-align-left mobile-align-left product type-product post-1909 status-publish last instock product_cat-chamarras product_cat-sin-categorizar has-post-thumbnail shipping-taxable purchasable product-type-simple\">\n\t<\/li>\n<\/ul>\n<\/div>\n<\/div>\n<\/div><\/div>\n\n\n\n<div class=\"wp-block-uagb-container uagb-block-6d1a2410 alignfull uagb-is-root-container\"><div class=\"uagb-container-inner-blocks-wrap\">\n<div class=\"wp-block-uagb-container uagb-block-1bc2564d\">\n<div class=\"wp-block-uagb-image uagb-block-1b237faa wp-block-uagb-image--layout-default wp-block-uagb-image--effect-static wp-block-uagb-image--align-none\"><figure class=\"wp-block-uagb-image__figure\"><img decoding=\"async\" srcset=\"https:\/\/nfeleather.com\/wp-content\/uploads\/2023\/10\/boots-2072416_1920-683x1024.jpg ,https:\/\/nfeleather.com\/wp-content\/uploads\/2023\/10\/boots-2072416_1920.jpg 780w, https:\/\/nfeleather.com\/wp-content\/uploads\/2023\/10\/boots-2072416_1920.jpg 360w\" sizes=\"auto, (max-width: 480px) 150px\" src=\"https:\/\/nfeleather.com\/wp-content\/uploads\/2023\/10\/boots-2072416_1920-683x1024.jpg\" alt=\"\" class=\"uag-image-1798\" width=\"683\" height=\"1024\" title=\"\" loading=\"lazy\"\/><\/figure><\/div>\n<\/div>\n\n\n\n<div class=\"wp-block-uagb-container uagb-block-b1ff26fd\">\n<div class=\"wp-block-uagb-info-box uagb-block-c26a7fa6 uagb-infobox__content-wrap  uagb-infobox-icon-above-title uagb-infobox-image-valign-top\"><div class=\"uagb-ifb-content\"><div class=\"uagb-ifb-title-wrap\"><div class=\"uagb-ifb-separator\"><\/div><h2 class=\"uagb-ifb-title\">Sobre Nosotros<\/h2><\/div><p class=\"uagb-ifb-desc\">NFE somos una empresa establecida en la Ciudad de Guadalajara , Jalisco, M\u00e9xico, y nos dedicamos a la<br>Creaci\u00f3n de prendas de piel, c\u00f3mo chamarras, bolsos, accesorios y tambi\u00e9n a calzado para dama, este puede ser en piel natural o en piel sint\u00e9tica.<\/p><div class=\"uagb-ifb-button-wrapper wp-block-button\"><a href=\"https:\/\/nfeleather.com\/index.php\/shop\/\" class=\"uagb-infobox-cta-link wp-block-button__link\" target=\"_self\" rel=\"noopener noreferrer\" onclick=\"return true;\" alt=\"\"><span class=\"uagb-inline-editing\">tienda<\/span><\/a><\/div><\/div><\/div>\n<\/div>\n<\/div><\/div>\n\n\n\n<div class=\"wp-block-uagb-container uagb-block-d5de09e6 alignfull uagb-is-root-container\"><div class=\"uagb-container-inner-blocks-wrap\">\n<div class=\"wp-block-uagb-info-box uagb-block-93c2505f uagb-infobox__content-wrap  uagb-infobox-icon-above-title uagb-infobox-image-valign-top\"><div class=\"uagb-ifb-content\"><div class=\"uagb-ifb-title-wrap\"><h2 class=\"uagb-ifb-title\">Habla con Nosotros<\/h2><\/div><div class=\"uagb-ifb-button-wrapper wp-block-button\"><a href=\"https:\/\/nfeleather.com\/index.php\/contact\/\" class=\"uagb-infobox-cta-link wp-block-button__link\" target=\"_self\" rel=\"noopener noreferrer\" onclick=\"return true;\" alt=\"\"><span class=\"uagb-inline-editing\">Contactar<\/span><\/a><\/div><\/div><\/div>\n<\/div><\/div>\n\n\n\n<div class=\"wp-block-uagb-container uagb-block-c96e357f alignfull uagb-is-root-container\"><div class=\"uagb-container-inner-blocks-wrap\">\n<div class=\"wp-block-uagb-container uagb-block-314c5220\">\n<div class=\"wp-block-uagb-container uagb-block-7215c440\">\n<div class=\"wp-block-uagb-advanced-heading uagb-block-533d2eb5\"><h2 class=\"uagb-heading-text\">M\u00e1s queridos por los clientes<\/h2><p class=\"uagb-desc-text\">Estas son las prendas m\u00e1s vendidas y mejor valoradas<\/p><\/div>\n<\/div>\n\n\n<div class=\"woocommerce columns-4 \"><ul class=\"products columns-4\">\n<li class=\"desktop-align-left tablet-align-left mobile-align-left product type-product post-362 status-publish first instock product_cat-chamarras product_cat-sin-categorizar has-post-thumbnail shipping-taxable purchasable product-type-simple\">\n\t<\/li>\n<li class=\"desktop-align-left tablet-align-left mobile-align-left product type-product post-341 status-publish instock product_cat-bolsos product_cat-sin-categorizar has-post-thumbnail shipping-taxable purchasable product-type-simple\">\n\t<\/li>\n<li class=\"desktop-align-left tablet-align-left mobile-align-left product type-product post-367 status-publish instock product_cat-chamarras has-post-thumbnail shipping-taxable purchasable product-type-simple\">\n\t<\/li>\n<li class=\"desktop-align-left tablet-align-left mobile-align-left product type-product post-361 status-publish last instock product_cat-sin-categorizar has-post-thumbnail shipping-taxable purchasable product-type-simple\">\n\t<\/li>\n<\/ul>\n<\/div>\n<\/div>\n<\/div><\/div>\n\n\n\n<div class=\"wp-block-uagb-container uagb-block-00fa36cc alignfull uagb-is-root-container\"><div class=\"uagb-container-inner-blocks-wrap\">\n<div class=\"wp-block-uagb-container uagb-block-13b3b2c9\">\n<div class=\"wp-block-uagb-advanced-heading uagb-block-cf245d96\"><h2 class=\"uagb-heading-text\">Nuestros Testimonios<\/h2><\/div>\n\n\n\n<div class=\"wp-block-uagb-container uagb-block-bfd0525e alignfull uagb-is-root-container\"><div class=\"uagb-container-inner-blocks-wrap\">\n<div class=\"wp-block-uagb-container uagb-block-9d46eb9f\">\n<div class=\"wp-block-uagb-star-rating uagb-block-cf1f9466\"><div class=\"uag-star-rating\" title=\"5\/5\"><span class=\"uag-star\">\u2605<\/span><span class=\"uag-star\">\u2605<\/span><span class=\"uag-star\">\u2605<\/span><span class=\"uag-star\">\u2605<\/span><span class=\"uag-star\">\u2605<\/span><\/div><\/div>\n\n\n\n<div class=\"wp-block-uagb-advanced-heading uagb-block-f37c203b\"><p class=\"uagb-heading-text\">Los materiales son incre\u00edbles y de excelente calidad, estoy muy contenta con mi compra\u200b<\/p><\/div>\n\n\n\n<div class=\"wp-block-uagb-info-box uagb-block-4c2ba5dd uagb-infobox__content-wrap  uagb-infobox-icon-above-title uagb-infobox-image-valign-top\"><div class=\"uagb-ifb-content\"><div class=\"uagb-ifb-title-wrap\"><p class=\"uagb-ifb-title\">Jennifer Lewis<\/p><\/div><\/div><\/div>\n<\/div>\n\n\n\n<div class=\"wp-block-uagb-container uagb-block-bbb2337a\">\n<div class=\"wp-block-uagb-star-rating uagb-block-48e5a8c9\"><div class=\"uag-star-rating\" title=\"5\/5\"><span class=\"uag-star\">\u2605<\/span><span class=\"uag-star\">\u2605<\/span><span class=\"uag-star\">\u2605<\/span><span class=\"uag-star\">\u2605<\/span><span class=\"uag-star\">\u2605<\/span><\/div><\/div>\n\n\n\n<div class=\"wp-block-uagb-advanced-heading uagb-block-7387bbf4\"><p class=\"uagb-heading-text\">La vs 84 me encant\u00f3, se ve incre\u00edble y la literal la puedo combinar para cualquier tipo de evento, super recomendada<\/p><\/div>\n\n\n\n<div class=\"wp-block-uagb-info-box uagb-block-d05cd75d uagb-infobox__content-wrap  uagb-infobox-icon-above-title uagb-infobox-image-valign-top\"><div class=\"uagb-ifb-content\"><div class=\"uagb-ifb-title-wrap\"><p class=\"uagb-ifb-title\">ALICIA Herrera\u200b<\/p><\/div><\/div><\/div>\n<\/div>\n\n\n\n<div class=\"wp-block-uagb-container uagb-block-51d9c77b\">\n<div class=\"wp-block-uagb-star-rating uagb-block-6bb06537\"><div class=\"uag-star-rating\" title=\"5\/5\"><span class=\"uag-star\">\u2605<\/span><span class=\"uag-star\">\u2605<\/span><span class=\"uag-star\">\u2605<\/span><span class=\"uag-star\">\u2605<\/span><span class=\"uag-star\">\u2605<\/span><\/div><\/div>\n\n\n\n<div class=\"wp-block-uagb-advanced-heading uagb-block-c6a1e668\"><p class=\"uagb-heading-text\">Con mi chamarra jk 74 me veo bastante bien, considero que fue de las mejores chamarras que he comprado en mi vida.<\/p><\/div>\n\n\n\n<div class=\"wp-block-uagb-info-box uagb-block-1c016635 uagb-infobox__content-wrap  uagb-infobox-icon-above-title uagb-infobox-image-valign-top\"><div class=\"uagb-ifb-content\"><div class=\"uagb-ifb-title-wrap\"><p class=\"uagb-ifb-title\">JUAN CARLOS\u200b<\/p><\/div><\/div><\/div>\n<\/div>\n<\/div><\/div>\n<\/div>\n<\/div><\/div>\n\n\n\n<div class=\"wp-block-uagb-container uagb-block-21146f57 alignfull uagb-is-root-container\"><div class=\"uagb-container-inner-blocks-wrap\">\n<div class=\"wp-block-uagb-container uagb-block-85e84404\">\n<div class=\"wp-block-uagb-advanced-heading uagb-block-6ce0c80a\"><h4 class=\"uagb-heading-text\">S\u00edguenos en @NFELeather<\/h4><\/div>\n\n\n\n<div class=\"wp-block-uagb-container uagb-block-a9aaa481 alignfull uagb-is-root-container\"><div class=\"uagb-container-inner-blocks-wrap\">\n<div class=\"wp-block-uagb-container uagb-block-f03a0253\">\n<div class=\"wp-block-uagb-image aligncenter uagb-block-cffd15e0 wp-block-uagb-image--layout-default wp-block-uagb-image--effect-static wp-block-uagb-image--align-center\"><figure class=\"wp-block-uagb-image__figure\"><img decoding=\"async\" srcset=\"https:\/\/nfeleather.com\/wp-content\/uploads\/2023\/10\/Untitled-14-e1698704462939-297x300.png ,https:\/\/nfeleather.com\/wp-content\/uploads\/2023\/10\/Untitled-14-e1698704462939.png 780w, https:\/\/nfeleather.com\/wp-content\/uploads\/2023\/10\/Untitled-14-e1698704462939.png 360w\" sizes=\"auto, (max-width: 480px) 150px\" src=\"https:\/\/nfeleather.com\/wp-content\/uploads\/2023\/10\/Untitled-14-e1698704462939-297x300.png\" alt=\"\" class=\"uag-image-1849\" width=\"297\" height=\"300\" title=\"\" loading=\"lazy\"\/><\/figure><\/div>\n<\/div>\n\n\n\n<div class=\"wp-block-uagb-container uagb-block-1c65b7e1\">\n<div class=\"wp-block-uagb-image aligncenter uagb-block-c8dbb953 wp-block-uagb-image--layout-default wp-block-uagb-image--effect-static wp-block-uagb-image--align-center\"><figure class=\"wp-block-uagb-image__figure\"><img decoding=\"async\" srcset=\"https:\/\/nfeleather.com\/wp-content\/uploads\/2023\/10\/Untitled-13-e1698704040139-300x300.png ,https:\/\/nfeleather.com\/wp-content\/uploads\/2023\/10\/Untitled-13-e1698704040139.png 780w, https:\/\/nfeleather.com\/wp-content\/uploads\/2023\/10\/Untitled-13-e1698704040139.png 360w\" sizes=\"auto, (max-width: 480px) 150px\" src=\"https:\/\/nfeleather.com\/wp-content\/uploads\/2023\/10\/Untitled-13-e1698704040139-300x300.png\" alt=\"\" class=\"uag-image-1848\" width=\"300\" height=\"300\" title=\"\" loading=\"lazy\"\/><\/figure><\/div>\n<\/div>\n\n\n\n<div class=\"wp-block-uagb-container uagb-block-f15ae68e\">\n<div class=\"wp-block-uagb-image aligncenter uagb-block-9e01b644 wp-block-uagb-image--layout-default wp-block-uagb-image--effect-static wp-block-uagb-image--align-center\"><figure class=\"wp-block-uagb-image__figure\"><img decoding=\"async\" srcset=\"https:\/\/nfeleather.com\/wp-content\/uploads\/2023\/10\/Untitled-12-e1698703981763-300x300.png ,https:\/\/nfeleather.com\/wp-content\/uploads\/2023\/10\/Untitled-12-e1698703981763.png 780w, https:\/\/nfeleather.com\/wp-content\/uploads\/2023\/10\/Untitled-12-e1698703981763.png 360w\" sizes=\"auto, (max-width: 480px) 150px\" src=\"https:\/\/nfeleather.com\/wp-content\/uploads\/2023\/10\/Untitled-12-e1698703981763-300x300.png\" alt=\"\" class=\"uag-image-1847\" width=\"300\" height=\"300\" title=\"\" loading=\"lazy\"\/><\/figure><\/div>\n<\/div>\n\n\n\n<div class=\"wp-block-uagb-container uagb-block-fb44b9d9\">\n<div class=\"wp-block-uagb-image aligncenter uagb-block-027190bf wp-block-uagb-image--layout-default wp-block-uagb-image--effect-static wp-block-uagb-image--align-center\"><figure class=\"wp-block-uagb-image__figure\"><img decoding=\"async\" srcset=\"https:\/\/nfeleather.com\/wp-content\/uploads\/2023\/10\/Untitled-11-e1698703922707-300x300.png ,https:\/\/nfeleather.com\/wp-content\/uploads\/2023\/10\/Untitled-11-e1698703922707.png 780w, https:\/\/nfeleather.com\/wp-content\/uploads\/2023\/10\/Untitled-11-e1698703922707.png 360w\" sizes=\"auto, (max-width: 480px) 150px\" src=\"https:\/\/nfeleather.com\/wp-content\/uploads\/2023\/10\/Untitled-11-e1698703922707-300x300.png\" alt=\"\" class=\"uag-image-1846\" width=\"300\" height=\"300\" title=\"\" loading=\"lazy\"\/><\/figure><\/div>\n<\/div>\n\n\n\n<div class=\"wp-block-uagb-container uagb-block-50320478\">\n<div class=\"wp-block-uagb-image aligncenter uagb-block-f4b5eaf7 wp-block-uagb-image--layout-default wp-block-uagb-image--effect-static wp-block-uagb-image--align-center\"><figure class=\"wp-block-uagb-image__figure\"><img decoding=\"async\" srcset=\"https:\/\/nfeleather.com\/wp-content\/uploads\/2023\/10\/Untitled-10-e1698703843748-300x300.png ,https:\/\/nfeleather.com\/wp-content\/uploads\/2023\/10\/Untitled-10-e1698703843748.png 780w, https:\/\/nfeleather.com\/wp-content\/uploads\/2023\/10\/Untitled-10-e1698703843748.png 360w\" sizes=\"auto, (max-width: 480px) 150px\" src=\"https:\/\/nfeleather.com\/wp-content\/uploads\/2023\/10\/Untitled-10-e1698703843748-300x300.png\" alt=\"\" class=\"uag-image-1845\" width=\"300\" height=\"300\" title=\"\" loading=\"lazy\"\/><\/figure><\/div>\n<\/div>\n\n\n\n<div class=\"wp-block-uagb-container uagb-block-afc78bbe\">\n<div class=\"wp-block-uagb-image aligncenter uagb-block-78bea3f6 wp-block-uagb-image--layout-default wp-block-uagb-image--effect-static wp-block-uagb-image--align-center\"><figure class=\"wp-block-uagb-image__figure\"><img decoding=\"async\" srcset=\"https:\/\/nfeleather.com\/wp-content\/uploads\/2023\/10\/Untitled-7-e1698703684933-300x300.png ,https:\/\/nfeleather.com\/wp-content\/uploads\/2023\/10\/Untitled-7-e1698703684933.png 780w, https:\/\/nfeleather.com\/wp-content\/uploads\/2023\/10\/Untitled-7-e1698703684933.png 360w\" sizes=\"auto, (max-width: 480px) 150px\" src=\"https:\/\/nfeleather.com\/wp-content\/uploads\/2023\/10\/Untitled-7-e1698703684933-300x300.png\" alt=\"\" class=\"uag-image-1844\" width=\"300\" height=\"300\" title=\"\" loading=\"lazy\"\/><\/figure><\/div>\n<\/div>\n<\/div><\/div>\n<\/div>\n<\/div><\/div>\n\n\n\n<div class=\"wp-block-uagb-container uagb-block-d3b1ec68 alignfull uagb-is-root-container\"><div class=\"uagb-container-inner-blocks-wrap\">\n<div class=\"wp-block-uagb-container uagb-block-2d01840a\">\n<div class=\"wp-block-uagb-info-box uagb-block-59cd6257 uagb-infobox__content-wrap  uagb-infobox-icon-left uagb-infobox-left uagb-infobox-stacked-mobile uagb-infobox-image-valign-middle\"><div class=\"uagb-ifb-icon-wrap\"><div class=\"uagb-iconbox-icon-wrap uagb-infobox-shape-circle\"><svg xmlns=\"https:\/\/www.w3.org\/2000\/svg\" viewBox=\"0 0 640 512\"><path d=\"M368 0C394.5 0 416 21.49 416 48V96H466.7C483.7 96 499.1 102.7 512 114.7L589.3 192C601.3 204 608 220.3 608 237.3V352C625.7 352 640 366.3 640 384C640 401.7 625.7 416 608 416H576C576 469 533 512 480 512C426.1 512 384 469 384 416H256C256 469 213 512 160 512C106.1 512 64 469 64 416H48C21.49 416 0 394.5 0 368V48C0 21.49 21.49 0 48 0H368zM416 160V256H544V237.3L466.7 160H416zM160 368C133.5 368 112 389.5 112 416C112 442.5 133.5 464 160 464C186.5 464 208 442.5 208 416C208 389.5 186.5 368 160 368zM480 464C506.5 464 528 442.5 528 416C528 389.5 506.5 368 480 368C453.5 368 432 389.5 432 416C432 442.5 453.5 464 480 464z\"><\/path><\/svg><\/div><\/div><div class=\"uagb-ifb-content\"><div class=\"uagb-ifb-title-wrap\"><h6 class=\"uagb-ifb-title\">Entrega<\/h6><\/div><p class=\"uagb-ifb-desc\">Contamos con entrega<\/p><\/div><\/div>\n<\/div>\n\n\n\n<div class=\"wp-block-uagb-container uagb-block-fd6cd65a\">\n<div class=\"wp-block-uagb-info-box uagb-block-62f66675 uagb-infobox__content-wrap  uagb-infobox-icon-left uagb-infobox-left uagb-infobox-stacked-mobile uagb-infobox-image-valign-middle\"><div class=\"uagb-ifb-icon-wrap\"><div class=\"uagb-iconbox-icon-wrap uagb-infobox-shape-circle\"><svg xmlns=\"https:\/\/www.w3.org\/2000\/svg\" viewBox=\"0 0 576 512\"><path d=\"M512 32C547.3 32 576 60.65 576 96V128H0V96C0 60.65 28.65 32 64 32H512zM576 416C576 451.3 547.3 480 512 480H64C28.65 480 0 451.3 0 416V224H576V416zM112 352C103.2 352 96 359.2 96 368C96 376.8 103.2 384 112 384H176C184.8 384 192 376.8 192 368C192 359.2 184.8 352 176 352H112zM240 384H368C376.8 384 384 376.8 384 368C384 359.2 376.8 352 368 352H240C231.2 352 224 359.2 224 368C224 376.8 231.2 384 240 384z\"><\/path><\/svg><\/div><\/div><div class=\"uagb-ifb-content\"><div class=\"uagb-ifb-title-wrap\"><h6 class=\"uagb-ifb-title\">Pago f\u00e1cil<\/h6><\/div><p class=\"uagb-ifb-desc\">Pago seguro desde nuestra web<\/p><\/div><\/div>\n<\/div>\n\n\n\n<div class=\"wp-block-uagb-container uagb-block-4334b208\">\n<div class=\"wp-block-uagb-info-box uagb-block-0b9a5f6b uagb-infobox__content-wrap  uagb-infobox-icon-left uagb-infobox-left uagb-infobox-stacked-mobile uagb-infobox-image-valign-middle\"><div class=\"uagb-ifb-icon-wrap\"><div class=\"uagb-iconbox-icon-wrap uagb-infobox-shape-circle\"><svg xmlns=\"https:\/\/www.w3.org\/2000\/svg\" viewBox=\"0 0 512 512\"><path d=\"M256 0C114.6 0 0 114.6 0 256s114.6 256 256 256s256-114.6 256-256S397.4 0 256 0zM256 400c-18 0-32-14-32-32s13.1-32 32-32c17.1 0 32 14 32 32S273.1 400 256 400zM325.1 258L280 286V288c0 13-11 24-24 24S232 301 232 288V272c0-8 4-16 12-21l57-34C308 213 312 206 312 198C312 186 301.1 176 289.1 176h-51.1C225.1 176 216 186 216 198c0 13-11 24-24 24s-24-11-24-24C168 159 199 128 237.1 128h51.1C329 128 360 159 360 198C360 222 347 245 325.1 258z\"><\/path><\/svg><\/div><\/div><div class=\"uagb-ifb-content\"><div class=\"uagb-ifb-title-wrap\"><h6 class=\"uagb-ifb-title\">\u00bftienes dudas?<\/h6><\/div><p class=\"uagb-ifb-desc\">Cont\u00e1ctanos y haznoslas saber<\/p><\/div><\/div>\n<\/div>\n<\/div><\/div>\n","protected":false},"excerpt":{"rendered":"<p>Tienda nfe Leather Art\u00edculos de Piel Nuevo M\u00e1s queridos por los clientes Estas son las prendas m\u00e1s vendidas y mejor valoradas Nuestros Testimonios Los materiales son incre\u00edbles y de excelente calidad, estoy muy contenta con mi compra\u200b La vs 84 me encant\u00f3, se ve incre\u00edble y la literal la puedo combinar para cualquier tipo de &hellip;<\/p>\n<p class=\"read-more\"> <a class=\"\" href=\"https:\/\/nfeleather.com\/\"> <span class=\"screen-reader-text\">Inicio<\/span> Leer m\u00e1s &raquo;<\/a><\/p>\n","protected":false},"author":1,"featured_media":0,"parent":0,"menu_order":0,"comment_status":"closed","ping_status":"closed","template":"","meta":{"om_disable_all_campaigns":false,"_uag_custom_page_level_css":"","_monsterinsights_skip_tracking":false,"_monsterinsights_sitenote_active":false,"_monsterinsights_sitenote_note":"","_monsterinsights_sitenote_category":0,"site-sidebar-layout":"no-sidebar","site-content-layout":"page-builder","ast-site-content-layout":"full-width-container","site-content-style":"unboxed","site-sidebar-style":"unboxed","ast-global-header-display":"","ast-banner-title-visibility":"","ast-main-header-display":"","ast-hfb-above-header-display":"","ast-hfb-below-header-display":"","ast-hfb-mobile-header-display":"","site-post-title":"disabled","ast-breadcrumbs-content":"disabled","ast-featured-img":"disabled","footer-sml-layout":"","theme-transparent-header-meta":"enabled","adv-header-id-meta":"","stick-header-meta":"","header-above-stick-meta":"","header-main-stick-meta":"","header-below-stick-meta":"","astra-migrate-meta-layouts":"set","ast-page-background-enabled":"default","ast-page-background-meta":{"desktop":{"background-color":"var(--ast-global-color-4)","background-image":"","background-repeat":"repeat","background-position":"center center","background-size":"auto","background-attachment":"scroll","background-type":"","background-media":"","overlay-type":"","overlay-color":"","overlay-gradient":""},"tablet":{"background-color":"","background-image":"","background-repeat":"repeat","background-position":"center center","background-size":"auto","background-attachment":"scroll","background-type":"","background-media":"","overlay-type":"","overlay-color":"","overlay-gradient":""},"mobile":{"background-color":"","background-image":"","background-repeat":"repeat","background-position":"center center","background-size":"auto","background-attachment":"scroll","background-type":"","background-media":"","overlay-type":"","overlay-color":"","overlay-gradient":""}},"ast-content-background-meta":{"desktop":{"background-color":"var(--ast-global-color-5)","background-image":"","background-repeat":"repeat","background-position":"center center","background-size":"auto","background-attachment":"scroll","background-type":"","background-media":"","overlay-type":"","overlay-color":"","overlay-gradient":""},"tablet":{"background-color":"var(--ast-global-color-5)","background-image":"","background-repeat":"repeat","background-position":"center center","background-size":"auto","background-attachment":"scroll","background-type":"","background-media":"","overlay-type":"","overlay-color":"","overlay-gradient":""},"mobile":{"background-color":"var(--ast-global-color-5)","background-image":"","background-repeat":"repeat","background-position":"center center","background-size":"auto","background-attachment":"scroll","background-type":"","background-media":"","overlay-type":"","overlay-color":"","overlay-gradient":""}},"footnotes":""},"class_list":["post-1113","page","type-page","status-publish","hentry"],"aioseo_notices":[],"uagb_featured_image_src":{"full":false,"thumbnail":false,"medium":false,"medium_large":false,"large":false,"1536x1536":false,"2048x2048":false,"woocommerce_thumbnail":false,"woocommerce_single":false,"woocommerce_gallery_thumbnail":false},"uagb_author_info":{"display_name":"nfeleather.com","author_link":"https:\/\/nfeleather.com\/index.php\/author\/nfeleather-com\/"},"uagb_comment_info":0,"uagb_excerpt":"Tienda nfe Leather Art\u00edculos de Piel Nuevo M\u00e1s queridos por los clientes Estas son las prendas m\u00e1s vendidas y mejor valoradas Nuestros Testimonios Los materiales son incre\u00edbles y de excelente calidad, estoy muy contenta con mi compra\u200b La vs 84 me encant\u00f3, se ve incre\u00edble y la literal la puedo combinar para cualquier tipo de&hellip;","_links":{"self":[{"href":"https:\/\/nfeleather.com\/index.php\/wp-json\/wp\/v2\/pages\/1113","targetHints":{"allow":["GET"]}}],"collection":[{"href":"https:\/\/nfeleather.com\/index.php\/wp-json\/wp\/v2\/pages"}],"about":[{"href":"https:\/\/nfeleather.com\/index.php\/wp-json\/wp\/v2\/types\/page"}],"author":[{"embeddable":true,"href":"https:\/\/nfeleather.com\/index.php\/wp-json\/wp\/v2\/users\/1"}],"replies":[{"embeddable":true,"href":"https:\/\/nfeleather.com\/index.php\/wp-json\/wp\/v2\/comments?post=1113"}],"version-history":[{"count":12,"href":"https:\/\/nfeleather.com\/index.php\/wp-json\/wp\/v2\/pages\/1113\/revisions"}],"predecessor-version":[{"id":2010,"href":"https:\/\/nfeleather.com\/index.php\/wp-json\/wp\/v2\/pages\/1113\/revisions\/2010"}],"wp:attachment":[{"href":"https:\/\/nfeleather.com\/index.php\/wp-json\/wp\/v2\/media?parent=1113"}],"curies":[{"name":"wp","href":"https:\/\/api.w.org\/{rel}","templated":true}]}}